{"id":61,"date":"2024-02-27T16:17:23","date_gmt":"2024-02-27T15:17:23","guid":{"rendered":"https:\/\/illustrgite.com\/index.php\/qui-sommes-nous\/"},"modified":"2025-05-08T17:30:55","modified_gmt":"2025-05-08T15:30:55","slug":"qui-sommes-nous","status":"publish","type":"page","link":"https:\/\/illustrgite.com\/index.php\/qui-sommes-nous\/","title":{"rendered":"Qui sommes-nous ?"},"content":{"rendered":"\n\n\n\n\n\n\n\n","protected":false},"excerpt":{"rendered":"","protected":false},"author":1,"featured_media":0,"parent":0,"menu_order":0,"comment_status":"closed","ping_status":"closed","template":"page-qui-sommes-nous-template","meta":{"saved_in_kubio":true,"_seopress_robots_primary_cat":"","_seopress_titles_title":"\u00c0 propos d'Illustr'G\u00eete | Experts en gestion de g\u00eetes en Wallonie","_seopress_titles_desc":"Rencontrez l'\u00e9quipe d'Illustr'G\u00eete, d\u00e9di\u00e9e \u00e0 offrir des services personnalis\u00e9s pour la gestion efficace de votre g\u00eete en Wallonie.","_seopress_robots_index":"","footnotes":""},"class_list":["post-61","page","type-page","status-publish","hentry"],"kubio_ai_page_context":{"short_desc":"","purpose":"general"},"_links":{"self":[{"href":"https:\/\/illustrgite.com\/index.php\/wp-json\/wp\/v2\/pages\/61","targetHints":{"allow":["GET"]}}],"collection":[{"href":"https:\/\/illustrgite.com\/index.php\/wp-json\/wp\/v2\/pages"}],"about":[{"href":"https:\/\/illustrgite.com\/index.php\/wp-json\/wp\/v2\/types\/page"}],"author":[{"embeddable":true,"href":"https:\/\/illustrgite.com\/index.php\/wp-json\/wp\/v2\/users\/1"}],"replies":[{"embeddable":true,"href":"https:\/\/illustrgite.com\/index.php\/wp-json\/wp\/v2\/comments?post=61"}],"version-history":[{"count":36,"href":"https:\/\/illustrgite.com\/index.php\/wp-json\/wp\/v2\/pages\/61\/revisions"}],"predecessor-version":[{"id":994,"href":"https:\/\/illustrgite.com\/index.php\/wp-json\/wp\/v2\/pages\/61\/revisions\/994"}],"wp:attachment":[{"href":"https:\/\/illustrgite.com\/index.php\/wp-json\/wp\/v2\/media?parent=61"}],"curies":[{"name":"wp","href":"https:\/\/api.w.org\/{rel}","templated":true}]}}