{"id":31,"date":"2024-02-27T15:58:37","date_gmt":"2024-02-27T14:58:37","guid":{"rendered":"https:\/\/illustrgite.com\/index.php\/front_page\/"},"modified":"2025-11-26T18:35:17","modified_gmt":"2025-11-26T17:35:17","slug":"front_page","status":"publish","type":"page","link":"https:\/\/illustrgite.com\/","title":{"rendered":"Page d&rsquo;accueil"},"content":{"rendered":"\n\n\n\n\n\n\n\n\n\n","protected":false},"excerpt":{"rendered":"","protected":false},"author":1,"featured_media":0,"parent":0,"menu_order":0,"comment_status":"closed","ping_status":"closed","template":"","meta":{"saved_in_kubio":true,"_seopress_robots_primary_cat":"","_seopress_titles_title":"Gestion professionnelle de g\u00eetes en Wallonie | Illustr'G\u00eete","_seopress_titles_desc":"Gestion sur mesure et conciergerie pour g\u00eetes en Wallonie : augmentez vos revenus et offrez \u00e0 vos clients un s\u00e9jour fluide et inoubliable avec Illustr'G\u00eete.","_seopress_robots_index":"","footnotes":""},"class_list":["post-31","page","type-page","status-publish","hentry"],"kubio_ai_page_context":{"short_desc":"","purpose":"general"},"_links":{"self":[{"href":"https:\/\/illustrgite.com\/index.php\/wp-json\/wp\/v2\/pages\/31","targetHints":{"allow":["GET"]}}],"collection":[{"href":"https:\/\/illustrgite.com\/index.php\/wp-json\/wp\/v2\/pages"}],"about":[{"href":"https:\/\/illustrgite.com\/index.php\/wp-json\/wp\/v2\/types\/page"}],"author":[{"embeddable":true,"href":"https:\/\/illustrgite.com\/index.php\/wp-json\/wp\/v2\/users\/1"}],"replies":[{"embeddable":true,"href":"https:\/\/illustrgite.com\/index.php\/wp-json\/wp\/v2\/comments?post=31"}],"version-history":[{"count":44,"href":"https:\/\/illustrgite.com\/index.php\/wp-json\/wp\/v2\/pages\/31\/revisions"}],"predecessor-version":[{"id":1085,"href":"https:\/\/illustrgite.com\/index.php\/wp-json\/wp\/v2\/pages\/31\/revisions\/1085"}],"wp:attachment":[{"href":"https:\/\/illustrgite.com\/index.php\/wp-json\/wp\/v2\/media?parent=31"}],"curies":[{"name":"wp","href":"https:\/\/api.w.org\/{rel}","templated":true}]}}