{"id":283,"date":"2024-03-05T12:35:50","date_gmt":"2024-03-05T11:35:50","guid":{"rendered":"https:\/\/illustrgite.com\/index.php\/services-supplementaires\/"},"modified":"2025-03-22T14:32:23","modified_gmt":"2025-03-22T13:32:23","slug":"services-complementaires","status":"publish","type":"page","link":"https:\/\/illustrgite.com\/index.php\/services-complementaires\/","title":{"rendered":"Services compl\u00e9mentaires"},"content":{"rendered":"\n\n\n\n","protected":false},"excerpt":{"rendered":"","protected":false},"author":1,"featured_media":0,"parent":0,"menu_order":0,"comment_status":"closed","ping_status":"closed","template":"page-nos-services-template","meta":{"saved_in_kubio":true,"_seopress_robots_primary_cat":"","_seopress_titles_title":"Services compl\u00e9mentaires | Options premium pour la gestion de votre g\u00eete","_seopress_titles_desc":"D\u00e9couvrez nos services compl\u00e9mentaires pour optimiser votre g\u00eete : shooting photo, cr\u00e9ation de site web, r\u00e9daction d\u2019annonces et bien plus encore.","_seopress_robots_index":"","footnotes":""},"class_list":["post-283","page","type-page","status-publish","hentry"],"kubio_ai_page_context":{"short_desc":"","purpose":"general"},"_links":{"self":[{"href":"https:\/\/illustrgite.com\/index.php\/wp-json\/wp\/v2\/pages\/283","targetHints":{"allow":["GET"]}}],"collection":[{"href":"https:\/\/illustrgite.com\/index.php\/wp-json\/wp\/v2\/pages"}],"about":[{"href":"https:\/\/illustrgite.com\/index.php\/wp-json\/wp\/v2\/types\/page"}],"author":[{"embeddable":true,"href":"https:\/\/illustrgite.com\/index.php\/wp-json\/wp\/v2\/users\/1"}],"replies":[{"embeddable":true,"href":"https:\/\/illustrgite.com\/index.php\/wp-json\/wp\/v2\/comments?post=283"}],"version-history":[{"count":10,"href":"https:\/\/illustrgite.com\/index.php\/wp-json\/wp\/v2\/pages\/283\/revisions"}],"predecessor-version":[{"id":599,"href":"https:\/\/illustrgite.com\/index.php\/wp-json\/wp\/v2\/pages\/283\/revisions\/599"}],"wp:attachment":[{"href":"https:\/\/illustrgite.com\/index.php\/wp-json\/wp\/v2\/media?parent=283"}],"curies":[{"name":"wp","href":"https:\/\/api.w.org\/{rel}","templated":true}]}}