{"id":279,"date":"2024-03-05T12:33:38","date_gmt":"2024-03-05T11:33:38","guid":{"rendered":"https:\/\/illustrgite.com\/index.php\/silver\/"},"modified":"2025-11-26T18:57:06","modified_gmt":"2025-11-26T17:57:06","slug":"silver","status":"publish","type":"page","link":"https:\/\/illustrgite.com\/index.php\/silver\/","title":{"rendered":"Silver"},"content":{"rendered":"\n\n\n\n\n\n","protected":false},"excerpt":{"rendered":"","protected":false},"author":1,"featured_media":0,"parent":0,"menu_order":0,"comment_status":"closed","ping_status":"closed","template":"page-nos-services-template","meta":{"saved_in_kubio":true,"_seopress_robots_primary_cat":"","_seopress_titles_title":"Pack Silver | Gestion compl\u00e8te de votre g\u00eete avec services premium","_seopress_titles_desc":"Le Pack Silver propose une gestion compl\u00e8te de votre g\u00eete, incluant des services premium pour une tranquillit\u00e9 d'esprit totale.","_seopress_robots_index":"","footnotes":""},"class_list":["post-279","page","type-page","status-publish","hentry"],"kubio_ai_page_context":{"short_desc":"","purpose":"general"},"_links":{"self":[{"href":"https:\/\/illustrgite.com\/index.php\/wp-json\/wp\/v2\/pages\/279","targetHints":{"allow":["GET"]}}],"collection":[{"href":"https:\/\/illustrgite.com\/index.php\/wp-json\/wp\/v2\/pages"}],"about":[{"href":"https:\/\/illustrgite.com\/index.php\/wp-json\/wp\/v2\/types\/page"}],"author":[{"embeddable":true,"href":"https:\/\/illustrgite.com\/index.php\/wp-json\/wp\/v2\/users\/1"}],"replies":[{"embeddable":true,"href":"https:\/\/illustrgite.com\/index.php\/wp-json\/wp\/v2\/comments?post=279"}],"version-history":[{"count":18,"href":"https:\/\/illustrgite.com\/index.php\/wp-json\/wp\/v2\/pages\/279\/revisions"}],"predecessor-version":[{"id":1093,"href":"https:\/\/illustrgite.com\/index.php\/wp-json\/wp\/v2\/pages\/279\/revisions\/1093"}],"wp:attachment":[{"href":"https:\/\/illustrgite.com\/index.php\/wp-json\/wp\/v2\/media?parent=279"}],"curies":[{"name":"wp","href":"https:\/\/api.w.org\/{rel}","templated":true}]}}